{"id":556,"date":"2024-03-05T15:54:31","date_gmt":"2024-03-05T18:54:31","guid":{"rendered":"https:\/\/verdepodcast.com.br\/desafiojsmf\/?page_id=556"},"modified":"2025-10-03T00:38:04","modified_gmt":"2025-10-03T03:38:04","slug":"sobre","status":"publish","type":"page","link":"https:\/\/verdepodcast.com.br\/desafiojsmf\/sobre\/","title":{"rendered":"Sobre"},"content":{"rendered":"\t\t<div data-elementor-type=\"wp-page\" data-elementor-id=\"556\" class=\"elementor elementor-556\" data-elementor-settings=\"{&quot;ha_cmc_init_switcher&quot;:&quot;no&quot;}\" data-elementor-post-type=\"page\">\n\t\t\t\t\t\t<section class=\"elementor-section elementor-top-section elementor-element elementor-element-0737557 elementor-section-full_width elementor-section-height-default elementor-section-height-default\" data-id=\"0737557\" data-element_type=\"section\" data-settings=\"{&quot;background_background&quot;:&quot;classic&quot;,&quot;shape_divider_bottom&quot;:&quot;triangle&quot;,&quot;jet_parallax_layout_list&quot;:[],&quot;_ha_eqh_enable&quot;:false}\">\n\t\t\t\t\t\t\t<div class=\"elementor-background-overlay\"><\/div>\n\t\t\t\t\t\t<div class=\"elementor-shape elementor-shape-bottom\" aria-hidden=\"true\" data-negative=\"false\">\n\t\t\t<svg xmlns=\"http:\/\/www.w3.org\/2000\/svg\" viewBox=\"0 0 1000 100\" preserveAspectRatio=\"none\">\n\t<path class=\"elementor-shape-fill\" d=\"M500,98.9L0,6.1V0h1000v6.1L500,98.9z\"\/>\n<\/svg>\t\t<\/div>\n\t\t\t\t\t<div class=\"elementor-container elementor-column-gap-no\">\n\t\t\t\t\t<div class=\"elementor-column elementor-col-100 elementor-top-column elementor-element elementor-element-9a8678c\" data-id=\"9a8678c\" data-element_type=\"column\" data-settings=\"{&quot;background_background&quot;:&quot;classic&quot;}\">\n\t\t\t<div class=\"elementor-widget-wrap elementor-element-populated\">\n\t\t\t\t\t\t<div class=\"elementor-element elementor-element-faf172c elementor-invisible elementor-widget elementor-widget-heading\" data-id=\"faf172c\" data-element_type=\"widget\" data-settings=\"{&quot;_animation&quot;:&quot;fadeInDown&quot;}\" data-widget_type=\"heading.default\">\n\t\t\t\t<div class=\"elementor-widget-container\">\n\t\t\t\t\t<h1 class=\"elementor-heading-title elementor-size-default\">90 DIAS DE MUDAN\u00c7A<\/h1>\t\t\t\t<\/div>\n\t\t\t\t<\/div>\n\t\t\t\t\t<\/div>\n\t\t<\/div>\n\t\t\t\t\t<\/div>\n\t\t<\/section>\n\t\t\t\t<section class=\"elementor-section elementor-top-section elementor-element elementor-element-79316901 elementor-section-boxed elementor-section-height-default elementor-section-height-default\" data-id=\"79316901\" data-element_type=\"section\" data-settings=\"{&quot;background_background&quot;:&quot;classic&quot;,&quot;jet_parallax_layout_list&quot;:[],&quot;_ha_eqh_enable&quot;:false}\">\n\t\t\t\t\t\t<div class=\"elementor-container elementor-column-gap-no\">\n\t\t\t\t\t<div class=\"elementor-column elementor-col-50 elementor-top-column elementor-element elementor-element-778d151a\" data-id=\"778d151a\" data-element_type=\"column\">\n\t\t\t<div class=\"elementor-widget-wrap elementor-element-populated\">\n\t\t\t\t\t\t<div class=\"elementor-element elementor-element-6a230acc elementor-invisible elementor-widget elementor-widget-heading\" data-id=\"6a230acc\" data-element_type=\"widget\" data-settings=\"{&quot;_animation&quot;:&quot;fadeInDown&quot;}\" data-widget_type=\"heading.default\">\n\t\t\t\t<div class=\"elementor-widget-container\">\n\t\t\t\t\t<h6 class=\"elementor-heading-title elementor-size-default\">DESAFIO<\/h6>\t\t\t\t<\/div>\n\t\t\t\t<\/div>\n\t\t\t\t<div class=\"elementor-element elementor-element-592c2b5 elementor-invisible elementor-widget elementor-widget-heading\" data-id=\"592c2b5\" data-element_type=\"widget\" data-settings=\"{&quot;_animation&quot;:&quot;fadeInDown&quot;}\" data-widget_type=\"heading.default\">\n\t\t\t\t<div class=\"elementor-widget-container\">\n\t\t\t\t\t<h2 class=\"elementor-heading-title elementor-size-default\">JUNTOS SOMOS MAIS FORTES<\/h2>\t\t\t\t<\/div>\n\t\t\t\t<\/div>\n\t\t\t\t<div class=\"elementor-element elementor-element-3b5f2a3c elementor-invisible elementor-widget elementor-widget-text-editor\" data-id=\"3b5f2a3c\" data-element_type=\"widget\" data-settings=\"{&quot;_animation&quot;:&quot;fadeInUp&quot;}\" data-widget_type=\"text-editor.default\">\n\t\t\t\t<div class=\"elementor-widget-container\">\n\t\t\t\t\t\t\t\t\t<p class=\"p1\">O\u00a0<b>Desafio Juntos Somos Mais Fortes<\/b>\u00a0prop\u00f5e uma disputa, saud\u00e1vel entre os colaboradores das empresas\u00a0Tratalyx,\u00a0KimCall,\u00a0Limpex\u00a0e\u00a0Logam, para juntos se desafiarem \u00e0 buscar mais qualidade de vida e com isso inspirar mais pessoas a fazer o mesmo.<\/p><p class=\"p1\">Para isso ter\u00e1 acompanhamento de treino personalizados por 90 dias (3 meses), al\u00e9m de dicas de nutri\u00e7\u00e3o.<\/p>\t\t\t\t\t\t\t\t<\/div>\n\t\t\t\t<\/div>\n\t\t\t\t\t<\/div>\n\t\t<\/div>\n\t\t\t\t<div class=\"elementor-column elementor-col-50 elementor-top-column elementor-element elementor-element-448dd6c9\" data-id=\"448dd6c9\" data-element_type=\"column\">\n\t\t\t<div class=\"elementor-widget-wrap elementor-element-populated\">\n\t\t\t\t\t\t<section class=\"elementor-section elementor-inner-section elementor-element elementor-element-30f22723 elementor-section-boxed elementor-section-height-default elementor-section-height-default elementor-invisible\" data-id=\"30f22723\" data-element_type=\"section\" data-settings=\"{&quot;shape_divider_bottom&quot;:&quot;tilt&quot;,&quot;animation&quot;:&quot;fadeInUp&quot;,&quot;jet_parallax_layout_list&quot;:[],&quot;_ha_eqh_enable&quot;:false}\">\n\t\t\t\t\t<div class=\"elementor-shape elementor-shape-bottom\" aria-hidden=\"true\" data-negative=\"false\">\n\t\t\t<svg xmlns=\"http:\/\/www.w3.org\/2000\/svg\" viewBox=\"0 0 1000 100\" preserveAspectRatio=\"none\">\n\t<path class=\"elementor-shape-fill\" d=\"M0,6V0h1000v100L0,6z\"\/>\n<\/svg>\t\t<\/div>\n\t\t\t\t\t<div class=\"elementor-container elementor-column-gap-no\">\n\t\t\t\t\t<div class=\"elementor-column elementor-col-100 elementor-inner-column elementor-element elementor-element-4cc1a0f\" data-id=\"4cc1a0f\" data-element_type=\"column\">\n\t\t\t<div class=\"elementor-widget-wrap elementor-element-populated\">\n\t\t\t\t\t\t<div class=\"elementor-element elementor-element-44f04d5c elementor-widget elementor-widget-image\" data-id=\"44f04d5c\" data-element_type=\"widget\" data-widget_type=\"image.default\">\n\t\t\t\t<div class=\"elementor-widget-container\">\n\t\t\t\t\t\t\t\t\t\t\t\t\t\t\t<img decoding=\"async\" src=\"https:\/\/verdepodcast.com.br\/desafiojsmf\/wp-content\/uploads\/elementor\/thumbs\/about-sect-qkh095jfmiegftqymmr3rybt6fi11b10qakfksv700.jpg\" title=\"about-sect.jpg\" alt=\"about-sect.jpg\" loading=\"lazy\" \/>\t\t\t\t\t\t\t\t\t\t\t\t\t\t\t<\/div>\n\t\t\t\t<\/div>\n\t\t\t\t\t<\/div>\n\t\t<\/div>\n\t\t\t\t\t<\/div>\n\t\t<\/section>\n\t\t\t\t\t<\/div>\n\t\t<\/div>\n\t\t\t\t\t<\/div>\n\t\t<\/section>\n\t\t\t\t<\/div>\n\t\t","protected":false},"excerpt":{"rendered":"<p>90 DIAS DE MUDAN\u00c7A DESAFIO JUNTOS SOMOS MAIS FORTES O\u00a0Desafio Juntos Somos Mais Fortes\u00a0prop\u00f5e uma disputa, saud\u00e1vel entre os colaboradores das empresas\u00a0Tratalyx,\u00a0KimCall,\u00a0Limpex\u00a0e\u00a0Logam, para juntos se desafiarem \u00e0 buscar mais qualidade de vida e com isso inspirar mais pessoas a fazer o mesmo. Para isso ter\u00e1 acompanhamento de treino personalizados por 90 dias (3 meses), al\u00e9m [&hellip;]<\/p>\n","protected":false},"author":3,"featured_media":0,"parent":0,"menu_order":0,"comment_status":"closed","ping_status":"closed","template":"elementor_header_footer","meta":{"_jet_sm_ready_style":"","_jet_sm_style":"","_jet_sm_controls_values":"","_jet_sm_fonts_collection":"","_jet_sm_fonts_links":"","footnotes":""},"class_list":["post-556","page","type-page","status-publish","hentry"],"yoast_head":"<!-- This site is optimized with the Yoast SEO plugin v26.0 - https:\/\/yoast.com\/wordpress\/plugins\/seo\/ -->\n<title>Sobre - Desafio Juntos Somos Mais Fortes<\/title>\n<meta name=\"robots\" content=\"index, follow, max-snippet:-1, max-image-preview:large, max-video-preview:-1\" \/>\n<link rel=\"canonical\" href=\"https:\/\/verdepodcast.com.br\/desafiojsmf\/sobre\/\" \/>\n<meta property=\"og:locale\" content=\"pt_BR\" \/>\n<meta property=\"og:type\" content=\"article\" \/>\n<meta property=\"og:title\" content=\"Sobre - Desafio Juntos Somos Mais Fortes\" \/>\n<meta property=\"og:description\" content=\"90 DIAS DE MUDAN\u00c7A DESAFIO JUNTOS SOMOS MAIS FORTES O\u00a0Desafio Juntos Somos Mais Fortes\u00a0prop\u00f5e uma disputa, saud\u00e1vel entre os colaboradores das empresas\u00a0Tratalyx,\u00a0KimCall,\u00a0Limpex\u00a0e\u00a0Logam, para juntos se desafiarem \u00e0 buscar mais qualidade de vida e com isso inspirar mais pessoas a fazer o mesmo. Para isso ter\u00e1 acompanhamento de treino personalizados por 90 dias (3 meses), al\u00e9m [&hellip;]\" \/>\n<meta property=\"og:url\" content=\"https:\/\/verdepodcast.com.br\/desafiojsmf\/sobre\/\" \/>\n<meta property=\"og:site_name\" content=\"Desafio Juntos Somos Mais Fortes\" \/>\n<meta property=\"article:modified_time\" content=\"2025-10-03T03:38:04+00:00\" \/>\n<meta property=\"og:image\" content=\"https:\/\/verdepodcast.com.br\/desafiojsmf\/wp-content\/uploads\/elementor\/thumbs\/about-sect-qkh095jfmiegftqymmr3rybt6fi11b10qakfbdi1a8.jpg\" \/>\n<meta name=\"twitter:card\" content=\"summary_large_image\" \/>\n<script type=\"application\/ld+json\" class=\"yoast-schema-graph\">{\"@context\":\"https:\/\/schema.org\",\"@graph\":[{\"@type\":\"WebPage\",\"@id\":\"https:\/\/verdepodcast.com.br\/desafiojsmf\/sobre\/\",\"url\":\"https:\/\/verdepodcast.com.br\/desafiojsmf\/sobre\/\",\"name\":\"Sobre - Desafio Juntos Somos Mais Fortes\",\"isPartOf\":{\"@id\":\"https:\/\/verdepodcast.com.br\/desafiojsmf\/#website\"},\"primaryImageOfPage\":{\"@id\":\"https:\/\/verdepodcast.com.br\/desafiojsmf\/sobre\/#primaryimage\"},\"image\":{\"@id\":\"https:\/\/verdepodcast.com.br\/desafiojsmf\/sobre\/#primaryimage\"},\"thumbnailUrl\":\"https:\/\/verdepodcast.com.br\/desafiojsmf\/wp-content\/uploads\/elementor\/thumbs\/about-sect-qkh095jfmiegftqymmr3rybt6fi11b10qakfbdi1a8.jpg\",\"datePublished\":\"2024-03-05T18:54:31+00:00\",\"dateModified\":\"2025-10-03T03:38:04+00:00\",\"breadcrumb\":{\"@id\":\"https:\/\/verdepodcast.com.br\/desafiojsmf\/sobre\/#breadcrumb\"},\"inLanguage\":\"pt-BR\",\"potentialAction\":[{\"@type\":\"ReadAction\",\"target\":[\"https:\/\/verdepodcast.com.br\/desafiojsmf\/sobre\/\"]}]},{\"@type\":\"ImageObject\",\"inLanguage\":\"pt-BR\",\"@id\":\"https:\/\/verdepodcast.com.br\/desafiojsmf\/sobre\/#primaryimage\",\"url\":\"https:\/\/verdepodcast.com.br\/desafiojsmf\/wp-content\/uploads\/elementor\/thumbs\/about-sect-qkh095jfmiegftqymmr3rybt6fi11b10qakfbdi1a8.jpg\",\"contentUrl\":\"https:\/\/verdepodcast.com.br\/desafiojsmf\/wp-content\/uploads\/elementor\/thumbs\/about-sect-qkh095jfmiegftqymmr3rybt6fi11b10qakfbdi1a8.jpg\"},{\"@type\":\"BreadcrumbList\",\"@id\":\"https:\/\/verdepodcast.com.br\/desafiojsmf\/sobre\/#breadcrumb\",\"itemListElement\":[{\"@type\":\"ListItem\",\"position\":1,\"name\":\"In\u00edcio\",\"item\":\"https:\/\/verdepodcast.com.br\/desafiojsmf\/\"},{\"@type\":\"ListItem\",\"position\":2,\"name\":\"Sobre\"}]},{\"@type\":\"WebSite\",\"@id\":\"https:\/\/verdepodcast.com.br\/desafiojsmf\/#website\",\"url\":\"https:\/\/verdepodcast.com.br\/desafiojsmf\/\",\"name\":\"Desafio Juntos Somos Mais Fortes\",\"description\":\"90 dias de mudan\u00e7a\",\"publisher\":{\"@id\":\"https:\/\/verdepodcast.com.br\/desafiojsmf\/#organization\"},\"potentialAction\":[{\"@type\":\"SearchAction\",\"target\":{\"@type\":\"EntryPoint\",\"urlTemplate\":\"https:\/\/verdepodcast.com.br\/desafiojsmf\/?s={search_term_string}\"},\"query-input\":{\"@type\":\"PropertyValueSpecification\",\"valueRequired\":true,\"valueName\":\"search_term_string\"}}],\"inLanguage\":\"pt-BR\"},{\"@type\":\"Organization\",\"@id\":\"https:\/\/verdepodcast.com.br\/desafiojsmf\/#organization\",\"name\":\"Desafio Juntos Somos Mais Fortes\",\"url\":\"https:\/\/verdepodcast.com.br\/desafiojsmf\/\",\"logo\":{\"@type\":\"ImageObject\",\"inLanguage\":\"pt-BR\",\"@id\":\"https:\/\/verdepodcast.com.br\/desafiojsmf\/#\/schema\/logo\/image\/\",\"url\":\"https:\/\/verdepodcast.com.br\/desafiojsmf\/wp-content\/uploads\/2025\/08\/NOVA-LOGO-LOGO.png\",\"contentUrl\":\"https:\/\/verdepodcast.com.br\/desafiojsmf\/wp-content\/uploads\/2025\/08\/NOVA-LOGO-LOGO.png\",\"width\":606,\"height\":856,\"caption\":\"Desafio Juntos Somos Mais Fortes\"},\"image\":{\"@id\":\"https:\/\/verdepodcast.com.br\/desafiojsmf\/#\/schema\/logo\/image\/\"},\"sameAs\":[\"https:\/\/www.instagram.com\/desafio_jsmf\"]}]}<\/script>\n<!-- \/ Yoast SEO plugin. -->","yoast_head_json":{"title":"Sobre - Desafio Juntos Somos Mais Fortes","robots":{"index":"index","follow":"follow","max-snippet":"max-snippet:-1","max-image-preview":"max-image-preview:large","max-video-preview":"max-video-preview:-1"},"canonical":"https:\/\/verdepodcast.com.br\/desafiojsmf\/sobre\/","og_locale":"pt_BR","og_type":"article","og_title":"Sobre - Desafio Juntos Somos Mais Fortes","og_description":"90 DIAS DE MUDAN\u00c7A DESAFIO JUNTOS SOMOS MAIS FORTES O\u00a0Desafio Juntos Somos Mais Fortes\u00a0prop\u00f5e uma disputa, saud\u00e1vel entre os colaboradores das empresas\u00a0Tratalyx,\u00a0KimCall,\u00a0Limpex\u00a0e\u00a0Logam, para juntos se desafiarem \u00e0 buscar mais qualidade de vida e com isso inspirar mais pessoas a fazer o mesmo. Para isso ter\u00e1 acompanhamento de treino personalizados por 90 dias (3 meses), al\u00e9m [&hellip;]","og_url":"https:\/\/verdepodcast.com.br\/desafiojsmf\/sobre\/","og_site_name":"Desafio Juntos Somos Mais Fortes","article_modified_time":"2025-10-03T03:38:04+00:00","og_image":[{"url":"https:\/\/verdepodcast.com.br\/desafiojsmf\/wp-content\/uploads\/elementor\/thumbs\/about-sect-qkh095jfmiegftqymmr3rybt6fi11b10qakfbdi1a8.jpg","type":"","width":"","height":""}],"twitter_card":"summary_large_image","schema":{"@context":"https:\/\/schema.org","@graph":[{"@type":"WebPage","@id":"https:\/\/verdepodcast.com.br\/desafiojsmf\/sobre\/","url":"https:\/\/verdepodcast.com.br\/desafiojsmf\/sobre\/","name":"Sobre - Desafio Juntos Somos Mais Fortes","isPartOf":{"@id":"https:\/\/verdepodcast.com.br\/desafiojsmf\/#website"},"primaryImageOfPage":{"@id":"https:\/\/verdepodcast.com.br\/desafiojsmf\/sobre\/#primaryimage"},"image":{"@id":"https:\/\/verdepodcast.com.br\/desafiojsmf\/sobre\/#primaryimage"},"thumbnailUrl":"https:\/\/verdepodcast.com.br\/desafiojsmf\/wp-content\/uploads\/elementor\/thumbs\/about-sect-qkh095jfmiegftqymmr3rybt6fi11b10qakfbdi1a8.jpg","datePublished":"2024-03-05T18:54:31+00:00","dateModified":"2025-10-03T03:38:04+00:00","breadcrumb":{"@id":"https:\/\/verdepodcast.com.br\/desafiojsmf\/sobre\/#breadcrumb"},"inLanguage":"pt-BR","potentialAction":[{"@type":"ReadAction","target":["https:\/\/verdepodcast.com.br\/desafiojsmf\/sobre\/"]}]},{"@type":"ImageObject","inLanguage":"pt-BR","@id":"https:\/\/verdepodcast.com.br\/desafiojsmf\/sobre\/#primaryimage","url":"https:\/\/verdepodcast.com.br\/desafiojsmf\/wp-content\/uploads\/elementor\/thumbs\/about-sect-qkh095jfmiegftqymmr3rybt6fi11b10qakfbdi1a8.jpg","contentUrl":"https:\/\/verdepodcast.com.br\/desafiojsmf\/wp-content\/uploads\/elementor\/thumbs\/about-sect-qkh095jfmiegftqymmr3rybt6fi11b10qakfbdi1a8.jpg"},{"@type":"BreadcrumbList","@id":"https:\/\/verdepodcast.com.br\/desafiojsmf\/sobre\/#breadcrumb","itemListElement":[{"@type":"ListItem","position":1,"name":"In\u00edcio","item":"https:\/\/verdepodcast.com.br\/desafiojsmf\/"},{"@type":"ListItem","position":2,"name":"Sobre"}]},{"@type":"WebSite","@id":"https:\/\/verdepodcast.com.br\/desafiojsmf\/#website","url":"https:\/\/verdepodcast.com.br\/desafiojsmf\/","name":"Desafio Juntos Somos Mais Fortes","description":"90 dias de mudan\u00e7a","publisher":{"@id":"https:\/\/verdepodcast.com.br\/desafiojsmf\/#organization"},"potentialAction":[{"@type":"SearchAction","target":{"@type":"EntryPoint","urlTemplate":"https:\/\/verdepodcast.com.br\/desafiojsmf\/?s={search_term_string}"},"query-input":{"@type":"PropertyValueSpecification","valueRequired":true,"valueName":"search_term_string"}}],"inLanguage":"pt-BR"},{"@type":"Organization","@id":"https:\/\/verdepodcast.com.br\/desafiojsmf\/#organization","name":"Desafio Juntos Somos Mais Fortes","url":"https:\/\/verdepodcast.com.br\/desafiojsmf\/","logo":{"@type":"ImageObject","inLanguage":"pt-BR","@id":"https:\/\/verdepodcast.com.br\/desafiojsmf\/#\/schema\/logo\/image\/","url":"https:\/\/verdepodcast.com.br\/desafiojsmf\/wp-content\/uploads\/2025\/08\/NOVA-LOGO-LOGO.png","contentUrl":"https:\/\/verdepodcast.com.br\/desafiojsmf\/wp-content\/uploads\/2025\/08\/NOVA-LOGO-LOGO.png","width":606,"height":856,"caption":"Desafio Juntos Somos Mais Fortes"},"image":{"@id":"https:\/\/verdepodcast.com.br\/desafiojsmf\/#\/schema\/logo\/image\/"},"sameAs":["https:\/\/www.instagram.com\/desafio_jsmf"]}]}},"_links":{"self":[{"href":"https:\/\/verdepodcast.com.br\/desafiojsmf\/wp-json\/wp\/v2\/pages\/556","targetHints":{"allow":["GET"]}}],"collection":[{"href":"https:\/\/verdepodcast.com.br\/desafiojsmf\/wp-json\/wp\/v2\/pages"}],"about":[{"href":"https:\/\/verdepodcast.com.br\/desafiojsmf\/wp-json\/wp\/v2\/types\/page"}],"author":[{"embeddable":true,"href":"https:\/\/verdepodcast.com.br\/desafiojsmf\/wp-json\/wp\/v2\/users\/3"}],"replies":[{"embeddable":true,"href":"https:\/\/verdepodcast.com.br\/desafiojsmf\/wp-json\/wp\/v2\/comments?post=556"}],"version-history":[{"count":8,"href":"https:\/\/verdepodcast.com.br\/desafiojsmf\/wp-json\/wp\/v2\/pages\/556\/revisions"}],"predecessor-version":[{"id":605,"href":"https:\/\/verdepodcast.com.br\/desafiojsmf\/wp-json\/wp\/v2\/pages\/556\/revisions\/605"}],"wp:attachment":[{"href":"https:\/\/verdepodcast.com.br\/desafiojsmf\/wp-json\/wp\/v2\/media?parent=556"}],"curies":[{"name":"wp","href":"https:\/\/api.w.org\/{rel}","templated":true}]}}