{"id":2324,"date":"2024-05-31T21:34:28","date_gmt":"2024-06-01T00:34:28","guid":{"rendered":"https:\/\/verdepodcast.com.br\/desafiojsmf\/?page_id=2324"},"modified":"2025-10-03T00:38:24","modified_gmt":"2025-10-03T03:38:24","slug":"votacao-final","status":"publish","type":"page","link":"https:\/\/verdepodcast.com.br\/desafiojsmf\/votacao-final\/","title":{"rendered":"Vota\u00e7\u00e3o Final"},"content":{"rendered":"\t\t<div data-elementor-type=\"wp-page\" data-elementor-id=\"2324\" class=\"elementor elementor-2324\" data-elementor-settings=\"{&quot;ha_cmc_init_switcher&quot;:&quot;no&quot;}\" data-elementor-post-type=\"page\">\n\t\t\t\t\t\t<section class=\"elementor-section elementor-top-section elementor-element elementor-element-9e971f6 elementor-section-full_width elementor-section-height-default elementor-section-height-default\" data-id=\"9e971f6\" data-element_type=\"section\" data-settings=\"{&quot;background_background&quot;:&quot;classic&quot;,&quot;shape_divider_bottom&quot;:&quot;triangle&quot;,&quot;jet_parallax_layout_list&quot;:[],&quot;_ha_eqh_enable&quot;:false}\">\n\t\t\t\t\t\t\t<div class=\"elementor-background-overlay\"><\/div>\n\t\t\t\t\t\t<div class=\"elementor-shape elementor-shape-bottom\" aria-hidden=\"true\" data-negative=\"false\">\n\t\t\t<svg xmlns=\"http:\/\/www.w3.org\/2000\/svg\" viewBox=\"0 0 1000 100\" preserveAspectRatio=\"none\">\n\t<path class=\"elementor-shape-fill\" d=\"M500,98.9L0,6.1V0h1000v6.1L500,98.9z\"\/>\n<\/svg>\t\t<\/div>\n\t\t\t\t\t<div class=\"elementor-container elementor-column-gap-no\">\n\t\t\t\t\t<div class=\"elementor-column elementor-col-100 elementor-top-column elementor-element elementor-element-5e2b0cc\" data-id=\"5e2b0cc\" data-element_type=\"column\" data-settings=\"{&quot;background_background&quot;:&quot;classic&quot;}\">\n\t\t\t<div class=\"elementor-widget-wrap elementor-element-populated\">\n\t\t\t\t\t\t<div class=\"elementor-element elementor-element-59f0db3 elementor-widget__width-inherit elementor-invisible elementor-widget elementor-widget-heading\" data-id=\"59f0db3\" data-element_type=\"widget\" data-settings=\"{&quot;_animation&quot;:&quot;fadeInDown&quot;}\" data-widget_type=\"heading.default\">\n\t\t\t\t<div class=\"elementor-widget-container\">\n\t\t\t\t\t<h1 class=\"elementor-heading-title elementor-size-default\">VOTA\u00c7\u00c3O FINAL<\/h1>\t\t\t\t<\/div>\n\t\t\t\t<\/div>\n\t\t\t\t\t<\/div>\n\t\t<\/div>\n\t\t\t\t\t<\/div>\n\t\t<\/section>\n\t\t<div class=\"elementor-element elementor-element-a85139c e-flex e-con-boxed e-con e-parent\" data-id=\"a85139c\" data-element_type=\"container\" data-settings=\"{&quot;jet_parallax_layout_list&quot;:[],&quot;_ha_eqh_enable&quot;:false}\">\n\t\t\t\t\t<div class=\"e-con-inner\">\n\t\t<div class=\"elementor-element elementor-element-b4e01d7 e-con-full e-grid e-con e-child\" data-id=\"b4e01d7\" data-element_type=\"container\" data-settings=\"{&quot;jet_parallax_layout_list&quot;:[],&quot;_ha_eqh_enable&quot;:false}\">\n\t\t\t\t<div class=\"elementor-element elementor-element-8c2dcb2 elementor-widget__width-inherit elementor-widget elementor-widget-image\" data-id=\"8c2dcb2\" data-element_type=\"widget\" data-widget_type=\"image.default\">\n\t\t\t\t<div class=\"elementor-widget-container\">\n\t\t\t\t\t\t\t\t\t\t\t\t\t\t\t<img decoding=\"async\" width=\"252\" height=\"101\" src=\"https:\/\/verdepodcast.com.br\/desafiojsmf\/wp-content\/uploads\/2024\/03\/EQUIPE_LOGAM.png\" class=\"attachment-full size-full wp-image-1934\" alt=\"\" \/>\t\t\t\t\t\t\t\t\t\t\t\t\t\t\t<\/div>\n\t\t\t\t<\/div>\n\t\t\t\t<div class=\"elementor-element elementor-element-0e292f6 elementor-widget elementor-widget-image\" data-id=\"0e292f6\" data-element_type=\"widget\" data-widget_type=\"image.default\">\n\t\t\t\t<div class=\"elementor-widget-container\">\n\t\t\t\t\t\t\t\t\t\t\t\t\t\t\t<img fetchpriority=\"high\" decoding=\"async\" width=\"1080\" height=\"1592\" src=\"https:\/\/verdepodcast.com.br\/desafiojsmf\/wp-content\/uploads\/2024\/03\/GEANE-1.jpg\" class=\"attachment-full size-full wp-image-1512\" alt=\"\" srcset=\"https:\/\/verdepodcast.com.br\/desafiojsmf\/wp-content\/uploads\/2024\/03\/GEANE-1.jpg 1080w, https:\/\/verdepodcast.com.br\/desafiojsmf\/wp-content\/uploads\/2024\/03\/GEANE-1-204x300.jpg 204w, https:\/\/verdepodcast.com.br\/desafiojsmf\/wp-content\/uploads\/2024\/03\/GEANE-1-695x1024.jpg 695w, https:\/\/verdepodcast.com.br\/desafiojsmf\/wp-content\/uploads\/2024\/03\/GEANE-1-768x1132.jpg 768w, https:\/\/verdepodcast.com.br\/desafiojsmf\/wp-content\/uploads\/2024\/03\/GEANE-1-1042x1536.jpg 1042w\" sizes=\"(max-width: 1080px) 100vw, 1080px\" \/>\t\t\t\t\t\t\t\t\t\t\t\t\t\t\t<\/div>\n\t\t\t\t<\/div>\n\t\t\t\t<div class=\"elementor-element elementor-element-c7fef7b elementor-widget-mobile__width-initial elementor-widget__width-initial ha-has-bg-overlay elementor-widget elementor-widget-heading\" data-id=\"c7fef7b\" data-element_type=\"widget\" data-widget_type=\"heading.default\">\n\t\t\t\t<div class=\"elementor-widget-container\">\n\t\t\t\t\t<h2 class=\"elementor-heading-title elementor-size-default\">GEANE DE FREITAS<\/h2>\t\t\t\t<\/div>\n\t\t\t\t<\/div>\n\t\t\t\t<div class=\"elementor-element elementor-element-48d92a6 elementor-widget elementor-widget-video\" data-id=\"48d92a6\" data-element_type=\"widget\" data-settings=\"{&quot;youtube_url&quot;:&quot;https:\\\/\\\/youtu.be\\\/1V9EahWJN-E&quot;,&quot;video_type&quot;:&quot;youtube&quot;,&quot;controls&quot;:&quot;yes&quot;}\" data-widget_type=\"video.default\">\n\t\t\t\t<div class=\"elementor-widget-container\">\n\t\t\t\t\t\t\t<div class=\"elementor-wrapper elementor-open-inline\">\n\t\t\t<div class=\"elementor-video\"><\/div>\t\t<\/div>\n\t\t\t\t\t\t<\/div>\n\t\t\t\t<\/div>\n\t\t\t\t<\/div>\n\t\t<div class=\"elementor-element elementor-element-8f6d0de e-con-full e-grid e-con e-child\" data-id=\"8f6d0de\" data-element_type=\"container\" data-settings=\"{&quot;jet_parallax_layout_list&quot;:[],&quot;_ha_eqh_enable&quot;:false}\">\n\t\t\t\t<div class=\"elementor-element elementor-element-ad7fcb0 elementor-widget-mobile__width-inherit elementor-widget elementor-widget-image\" data-id=\"ad7fcb0\" data-element_type=\"widget\" data-widget_type=\"image.default\">\n\t\t\t\t<div class=\"elementor-widget-container\">\n\t\t\t\t\t\t\t\t\t\t\t\t\t\t\t<img decoding=\"async\" width=\"228\" height=\"110\" src=\"https:\/\/verdepodcast.com.br\/desafiojsmf\/wp-content\/uploads\/2024\/03\/EQUIPE_LIMPEX.png\" class=\"attachment-full size-full wp-image-1933\" alt=\"\" \/>\t\t\t\t\t\t\t\t\t\t\t\t\t\t\t<\/div>\n\t\t\t\t<\/div>\n\t\t\t\t<div class=\"elementor-element elementor-element-b11dbf2 elementor-widget elementor-widget-image\" data-id=\"b11dbf2\" data-element_type=\"widget\" data-widget_type=\"image.default\">\n\t\t\t\t<div class=\"elementor-widget-container\">\n\t\t\t\t\t\t\t\t\t\t\t\t\t\t\t<img loading=\"lazy\" decoding=\"async\" width=\"1080\" height=\"1592\" src=\"https:\/\/verdepodcast.com.br\/desafiojsmf\/wp-content\/uploads\/2024\/03\/GESSICA-1.jpg\" class=\"attachment-full size-full wp-image-1506\" alt=\"\" srcset=\"https:\/\/verdepodcast.com.br\/desafiojsmf\/wp-content\/uploads\/2024\/03\/GESSICA-1.jpg 1080w, https:\/\/verdepodcast.com.br\/desafiojsmf\/wp-content\/uploads\/2024\/03\/GESSICA-1-204x300.jpg 204w, https:\/\/verdepodcast.com.br\/desafiojsmf\/wp-content\/uploads\/2024\/03\/GESSICA-1-695x1024.jpg 695w, https:\/\/verdepodcast.com.br\/desafiojsmf\/wp-content\/uploads\/2024\/03\/GESSICA-1-768x1132.jpg 768w, https:\/\/verdepodcast.com.br\/desafiojsmf\/wp-content\/uploads\/2024\/03\/GESSICA-1-1042x1536.jpg 1042w\" sizes=\"(max-width: 1080px) 100vw, 1080px\" \/>\t\t\t\t\t\t\t\t\t\t\t\t\t\t\t<\/div>\n\t\t\t\t<\/div>\n\t\t\t\t<div class=\"elementor-element elementor-element-1c9ea00 elementor-widget-mobile__width-initial elementor-widget__width-initial ha-has-bg-overlay elementor-widget elementor-widget-heading\" data-id=\"1c9ea00\" data-element_type=\"widget\" data-widget_type=\"heading.default\">\n\t\t\t\t<div class=\"elementor-widget-container\">\n\t\t\t\t\t<h2 class=\"elementor-heading-title elementor-size-default\">G\u00c9SSICA PICAN\u00c7O<\/h2>\t\t\t\t<\/div>\n\t\t\t\t<\/div>\n\t\t\t\t<div class=\"elementor-element elementor-element-dbc819e elementor-widget elementor-widget-video\" data-id=\"dbc819e\" data-element_type=\"widget\" data-settings=\"{&quot;youtube_url&quot;:&quot;https:\\\/\\\/youtu.be\\\/FheOTAaQFh0&quot;,&quot;video_type&quot;:&quot;youtube&quot;,&quot;controls&quot;:&quot;yes&quot;}\" data-widget_type=\"video.default\">\n\t\t\t\t<div class=\"elementor-widget-container\">\n\t\t\t\t\t\t\t<div class=\"elementor-wrapper elementor-open-inline\">\n\t\t\t<div class=\"elementor-video\"><\/div>\t\t<\/div>\n\t\t\t\t\t\t<\/div>\n\t\t\t\t<\/div>\n\t\t\t\t<\/div>\n\t\t<div class=\"elementor-element elementor-element-6dc13dc e-con-full e-grid e-con e-child\" data-id=\"6dc13dc\" data-element_type=\"container\" data-settings=\"{&quot;jet_parallax_layout_list&quot;:[],&quot;_ha_eqh_enable&quot;:false}\">\n\t\t\t\t<div class=\"elementor-element elementor-element-5dc020d elementor-widget-mobile__width-inherit elementor-widget elementor-widget-image\" data-id=\"5dc020d\" data-element_type=\"widget\" data-widget_type=\"image.default\">\n\t\t\t\t<div class=\"elementor-widget-container\">\n\t\t\t\t\t\t\t\t\t\t\t\t\t\t\t<img loading=\"lazy\" decoding=\"async\" width=\"313\" height=\"97\" src=\"https:\/\/verdepodcast.com.br\/desafiojsmf\/wp-content\/uploads\/2024\/03\/EQUIPE_TRATALYX.png\" class=\"attachment-full size-full wp-image-1935\" alt=\"\" srcset=\"https:\/\/verdepodcast.com.br\/desafiojsmf\/wp-content\/uploads\/2024\/03\/EQUIPE_TRATALYX.png 313w, https:\/\/verdepodcast.com.br\/desafiojsmf\/wp-content\/uploads\/2024\/03\/EQUIPE_TRATALYX-300x93.png 300w\" sizes=\"(max-width: 313px) 100vw, 313px\" \/>\t\t\t\t\t\t\t\t\t\t\t\t\t\t\t<\/div>\n\t\t\t\t<\/div>\n\t\t\t\t<div class=\"elementor-element elementor-element-cc501bf elementor-widget elementor-widget-image\" data-id=\"cc501bf\" data-element_type=\"widget\" data-widget_type=\"image.default\">\n\t\t\t\t<div class=\"elementor-widget-container\">\n\t\t\t\t\t\t\t\t\t\t\t\t\t\t\t<img loading=\"lazy\" decoding=\"async\" width=\"1080\" height=\"1592\" src=\"https:\/\/verdepodcast.com.br\/desafiojsmf\/wp-content\/uploads\/2024\/03\/JACIRENE-1.jpg\" class=\"attachment-full size-full wp-image-1403\" alt=\"\" srcset=\"https:\/\/verdepodcast.com.br\/desafiojsmf\/wp-content\/uploads\/2024\/03\/JACIRENE-1.jpg 1080w, https:\/\/verdepodcast.com.br\/desafiojsmf\/wp-content\/uploads\/2024\/03\/JACIRENE-1-204x300.jpg 204w, https:\/\/verdepodcast.com.br\/desafiojsmf\/wp-content\/uploads\/2024\/03\/JACIRENE-1-695x1024.jpg 695w, https:\/\/verdepodcast.com.br\/desafiojsmf\/wp-content\/uploads\/2024\/03\/JACIRENE-1-768x1132.jpg 768w, https:\/\/verdepodcast.com.br\/desafiojsmf\/wp-content\/uploads\/2024\/03\/JACIRENE-1-1042x1536.jpg 1042w\" sizes=\"(max-width: 1080px) 100vw, 1080px\" \/>\t\t\t\t\t\t\t\t\t\t\t\t\t\t\t<\/div>\n\t\t\t\t<\/div>\n\t\t\t\t<div class=\"elementor-element elementor-element-f1a7c6c elementor-widget-mobile__width-initial elementor-widget__width-initial ha-has-bg-overlay elementor-widget elementor-widget-heading\" data-id=\"f1a7c6c\" data-element_type=\"widget\" data-widget_type=\"heading.default\">\n\t\t\t\t<div class=\"elementor-widget-container\">\n\t\t\t\t\t<h2 class=\"elementor-heading-title elementor-size-default\">JACIRENE SILVA<\/h2>\t\t\t\t<\/div>\n\t\t\t\t<\/div>\n\t\t\t\t<div class=\"elementor-element elementor-element-ca668c8 elementor-widget elementor-widget-video\" data-id=\"ca668c8\" data-element_type=\"widget\" data-settings=\"{&quot;youtube_url&quot;:&quot;https:\\\/\\\/youtu.be\\\/u8OxpcmZ5KU&quot;,&quot;video_type&quot;:&quot;youtube&quot;,&quot;controls&quot;:&quot;yes&quot;}\" data-widget_type=\"video.default\">\n\t\t\t\t<div class=\"elementor-widget-container\">\n\t\t\t\t\t\t\t<div class=\"elementor-wrapper elementor-open-inline\">\n\t\t\t<div class=\"elementor-video\"><\/div>\t\t<\/div>\n\t\t\t\t\t\t<\/div>\n\t\t\t\t<\/div>\n\t\t\t\t<\/div>\n\t\t<div class=\"elementor-element elementor-element-99d6c1d e-con-full e-grid e-con e-child\" data-id=\"99d6c1d\" data-element_type=\"container\" data-settings=\"{&quot;jet_parallax_layout_list&quot;:[],&quot;_ha_eqh_enable&quot;:false}\">\n\t\t\t\t<div class=\"elementor-element elementor-element-6a6f386 elementor-widget-mobile__width-inherit elementor-widget elementor-widget-image\" data-id=\"6a6f386\" data-element_type=\"widget\" data-widget_type=\"image.default\">\n\t\t\t\t<div class=\"elementor-widget-container\">\n\t\t\t\t\t\t\t\t\t\t\t\t\t\t\t<img loading=\"lazy\" decoding=\"async\" width=\"283\" height=\"107\" src=\"https:\/\/verdepodcast.com.br\/desafiojsmf\/wp-content\/uploads\/2024\/03\/EQUIPE_KIMCALL.png\" class=\"attachment-full size-full wp-image-1932\" alt=\"\" \/>\t\t\t\t\t\t\t\t\t\t\t\t\t\t\t<\/div>\n\t\t\t\t<\/div>\n\t\t\t\t<div class=\"elementor-element elementor-element-da517a5 elementor-widget elementor-widget-image\" data-id=\"da517a5\" data-element_type=\"widget\" data-widget_type=\"image.default\">\n\t\t\t\t<div class=\"elementor-widget-container\">\n\t\t\t\t\t\t\t\t\t\t\t\t\t\t\t<img loading=\"lazy\" decoding=\"async\" width=\"1080\" height=\"1592\" src=\"https:\/\/verdepodcast.com.br\/desafiojsmf\/wp-content\/uploads\/2024\/03\/RAFAEL-1.jpg\" class=\"attachment-full size-full wp-image-1464\" alt=\"\" srcset=\"https:\/\/verdepodcast.com.br\/desafiojsmf\/wp-content\/uploads\/2024\/03\/RAFAEL-1.jpg 1080w, https:\/\/verdepodcast.com.br\/desafiojsmf\/wp-content\/uploads\/2024\/03\/RAFAEL-1-204x300.jpg 204w, https:\/\/verdepodcast.com.br\/desafiojsmf\/wp-content\/uploads\/2024\/03\/RAFAEL-1-695x1024.jpg 695w, https:\/\/verdepodcast.com.br\/desafiojsmf\/wp-content\/uploads\/2024\/03\/RAFAEL-1-768x1132.jpg 768w, https:\/\/verdepodcast.com.br\/desafiojsmf\/wp-content\/uploads\/2024\/03\/RAFAEL-1-1042x1536.jpg 1042w\" sizes=\"(max-width: 1080px) 100vw, 1080px\" \/>\t\t\t\t\t\t\t\t\t\t\t\t\t\t\t<\/div>\n\t\t\t\t<\/div>\n\t\t\t\t<div class=\"elementor-element elementor-element-829f126 elementor-widget-mobile__width-initial elementor-widget__width-initial ha-has-bg-overlay elementor-widget elementor-widget-heading\" data-id=\"829f126\" data-element_type=\"widget\" data-widget_type=\"heading.default\">\n\t\t\t\t<div class=\"elementor-widget-container\">\n\t\t\t\t\t<h2 class=\"elementor-heading-title elementor-size-default\">RAFAEL MELO<\/h2>\t\t\t\t<\/div>\n\t\t\t\t<\/div>\n\t\t\t\t<div class=\"elementor-element elementor-element-8d4f919 elementor-widget elementor-widget-video\" data-id=\"8d4f919\" data-element_type=\"widget\" data-settings=\"{&quot;youtube_url&quot;:&quot;https:\\\/\\\/youtu.be\\\/QlWziep53VE&quot;,&quot;video_type&quot;:&quot;youtube&quot;,&quot;controls&quot;:&quot;yes&quot;}\" data-widget_type=\"video.default\">\n\t\t\t\t<div class=\"elementor-widget-container\">\n\t\t\t\t\t\t\t<div class=\"elementor-wrapper elementor-open-inline\">\n\t\t\t<div class=\"elementor-video\"><\/div>\t\t<\/div>\n\t\t\t\t\t\t<\/div>\n\t\t\t\t<\/div>\n\t\t\t\t<\/div>\n\t\t\t\t\t<\/div>\n\t\t\t\t<\/div>\n\t\t<div class=\"elementor-element elementor-element-74e8b10 e-flex e-con-boxed e-con e-parent\" data-id=\"74e8b10\" data-element_type=\"container\" data-settings=\"{&quot;jet_parallax_layout_list&quot;:[],&quot;background_background&quot;:&quot;classic&quot;,&quot;_ha_eqh_enable&quot;:false}\">\n\t\t\t\t\t<div class=\"e-con-inner\">\n\t\t\t\t<div class=\"elementor-element elementor-element-8a2fc49 elementor-widget__width-initial elementor-widget elementor-widget-shortcode\" data-id=\"8a2fc49\" data-element_type=\"widget\" data-widget_type=\"shortcode.default\">\n\t\t\t\t<div class=\"elementor-widget-container\">\n\t\t\t\t\t\t\t<div class=\"elementor-shortcode\">[qsm quiz=4]<\/div>\n\t\t\t\t\t\t<\/div>\n\t\t\t\t<\/div>\n\t\t\t\t\t<\/div>\n\t\t\t\t<\/div>\n\t\t\t\t<\/div>\n\t\t","protected":false},"excerpt":{"rendered":"<p>VOTA\u00c7\u00c3O FINAL GEANE DE FREITAS G\u00c9SSICA PICAN\u00c7O JACIRENE SILVA RAFAEL MELO https:\/\/youtu.be\/QlWziep53VE[qsm quiz=4]<\/p>\n","protected":false},"author":3,"featured_media":0,"parent":0,"menu_order":0,"comment_status":"closed","ping_status":"closed","template":"elementor_header_footer","meta":{"_jet_sm_ready_style":"","_jet_sm_style":"","_jet_sm_controls_values":"","_jet_sm_fonts_collection":"","_jet_sm_fonts_links":"","footnotes":""},"class_list":["post-2324","page","type-page","status-publish","hentry"],"yoast_head":"<!-- This site is optimized with the Yoast SEO plugin v26.0 - https:\/\/yoast.com\/wordpress\/plugins\/seo\/ -->\n<title>Vota\u00e7\u00e3o Final - Desafio Juntos Somos Mais Fortes<\/title>\n<meta name=\"robots\" content=\"index, follow, max-snippet:-1, max-image-preview:large, max-video-preview:-1\" \/>\n<link rel=\"canonical\" href=\"https:\/\/verdepodcast.com.br\/desafiojsmf\/votacao-final\/\" \/>\n<meta property=\"og:locale\" content=\"pt_BR\" \/>\n<meta property=\"og:type\" content=\"article\" \/>\n<meta property=\"og:title\" content=\"Vota\u00e7\u00e3o Final - Desafio Juntos Somos Mais Fortes\" \/>\n<meta property=\"og:description\" content=\"VOTA\u00c7\u00c3O FINAL GEANE DE FREITAS G\u00c9SSICA PICAN\u00c7O JACIRENE SILVA RAFAEL MELO https:\/\/youtu.be\/QlWziep53VE[qsm quiz=4]\" \/>\n<meta property=\"og:url\" content=\"https:\/\/verdepodcast.com.br\/desafiojsmf\/votacao-final\/\" \/>\n<meta property=\"og:site_name\" content=\"Desafio Juntos Somos Mais Fortes\" \/>\n<meta property=\"article:modified_time\" content=\"2025-10-03T03:38:24+00:00\" \/>\n<meta property=\"og:image\" content=\"https:\/\/verdepodcast.com.br\/desafiojsmf\/wp-content\/uploads\/2024\/03\/EQUIPE_LOGAM.png\" \/>\n\t<meta property=\"og:image:width\" content=\"252\" \/>\n\t<meta property=\"og:image:height\" content=\"101\" \/>\n\t<meta property=\"og:image:type\" content=\"image\/png\" \/>\n<meta name=\"twitter:card\" content=\"summary_large_image\" \/>\n<meta name=\"twitter:label1\" content=\"Est. tempo de leitura\" \/>\n\t<meta name=\"twitter:data1\" content=\"2 minutos\" \/>\n<script type=\"application\/ld+json\" class=\"yoast-schema-graph\">{\"@context\":\"https:\/\/schema.org\",\"@graph\":[{\"@type\":\"WebPage\",\"@id\":\"https:\/\/verdepodcast.com.br\/desafiojsmf\/votacao-final\/\",\"url\":\"https:\/\/verdepodcast.com.br\/desafiojsmf\/votacao-final\/\",\"name\":\"Vota\u00e7\u00e3o Final - Desafio Juntos Somos Mais Fortes\",\"isPartOf\":{\"@id\":\"https:\/\/verdepodcast.com.br\/desafiojsmf\/#website\"},\"primaryImageOfPage\":{\"@id\":\"https:\/\/verdepodcast.com.br\/desafiojsmf\/votacao-final\/#primaryimage\"},\"image\":{\"@id\":\"https:\/\/verdepodcast.com.br\/desafiojsmf\/votacao-final\/#primaryimage\"},\"thumbnailUrl\":\"https:\/\/verdepodcast.com.br\/desafiojsmf\/wp-content\/uploads\/2024\/03\/EQUIPE_LOGAM.png\",\"datePublished\":\"2024-06-01T00:34:28+00:00\",\"dateModified\":\"2025-10-03T03:38:24+00:00\",\"breadcrumb\":{\"@id\":\"https:\/\/verdepodcast.com.br\/desafiojsmf\/votacao-final\/#breadcrumb\"},\"inLanguage\":\"pt-BR\",\"potentialAction\":[{\"@type\":\"ReadAction\",\"target\":[\"https:\/\/verdepodcast.com.br\/desafiojsmf\/votacao-final\/\"]}]},{\"@type\":\"ImageObject\",\"inLanguage\":\"pt-BR\",\"@id\":\"https:\/\/verdepodcast.com.br\/desafiojsmf\/votacao-final\/#primaryimage\",\"url\":\"https:\/\/verdepodcast.com.br\/desafiojsmf\/wp-content\/uploads\/2024\/03\/EQUIPE_LOGAM.png\",\"contentUrl\":\"https:\/\/verdepodcast.com.br\/desafiojsmf\/wp-content\/uploads\/2024\/03\/EQUIPE_LOGAM.png\",\"width\":252,\"height\":101},{\"@type\":\"BreadcrumbList\",\"@id\":\"https:\/\/verdepodcast.com.br\/desafiojsmf\/votacao-final\/#breadcrumb\",\"itemListElement\":[{\"@type\":\"ListItem\",\"position\":1,\"name\":\"In\u00edcio\",\"item\":\"https:\/\/verdepodcast.com.br\/desafiojsmf\/\"},{\"@type\":\"ListItem\",\"position\":2,\"name\":\"Vota\u00e7\u00e3o Final\"}]},{\"@type\":\"WebSite\",\"@id\":\"https:\/\/verdepodcast.com.br\/desafiojsmf\/#website\",\"url\":\"https:\/\/verdepodcast.com.br\/desafiojsmf\/\",\"name\":\"Desafio Juntos Somos Mais Fortes\",\"description\":\"90 dias de mudan\u00e7a\",\"publisher\":{\"@id\":\"https:\/\/verdepodcast.com.br\/desafiojsmf\/#organization\"},\"potentialAction\":[{\"@type\":\"SearchAction\",\"target\":{\"@type\":\"EntryPoint\",\"urlTemplate\":\"https:\/\/verdepodcast.com.br\/desafiojsmf\/?s={search_term_string}\"},\"query-input\":{\"@type\":\"PropertyValueSpecification\",\"valueRequired\":true,\"valueName\":\"search_term_string\"}}],\"inLanguage\":\"pt-BR\"},{\"@type\":\"Organization\",\"@id\":\"https:\/\/verdepodcast.com.br\/desafiojsmf\/#organization\",\"name\":\"Desafio Juntos Somos Mais Fortes\",\"url\":\"https:\/\/verdepodcast.com.br\/desafiojsmf\/\",\"logo\":{\"@type\":\"ImageObject\",\"inLanguage\":\"pt-BR\",\"@id\":\"https:\/\/verdepodcast.com.br\/desafiojsmf\/#\/schema\/logo\/image\/\",\"url\":\"https:\/\/verdepodcast.com.br\/desafiojsmf\/wp-content\/uploads\/2025\/08\/NOVA-LOGO-LOGO.png\",\"contentUrl\":\"https:\/\/verdepodcast.com.br\/desafiojsmf\/wp-content\/uploads\/2025\/08\/NOVA-LOGO-LOGO.png\",\"width\":606,\"height\":856,\"caption\":\"Desafio Juntos Somos Mais Fortes\"},\"image\":{\"@id\":\"https:\/\/verdepodcast.com.br\/desafiojsmf\/#\/schema\/logo\/image\/\"},\"sameAs\":[\"https:\/\/www.instagram.com\/desafio_jsmf\"]}]}<\/script>\n<!-- \/ Yoast SEO plugin. -->","yoast_head_json":{"title":"Vota\u00e7\u00e3o Final - Desafio Juntos Somos Mais Fortes","robots":{"index":"index","follow":"follow","max-snippet":"max-snippet:-1","max-image-preview":"max-image-preview:large","max-video-preview":"max-video-preview:-1"},"canonical":"https:\/\/verdepodcast.com.br\/desafiojsmf\/votacao-final\/","og_locale":"pt_BR","og_type":"article","og_title":"Vota\u00e7\u00e3o Final - Desafio Juntos Somos Mais Fortes","og_description":"VOTA\u00c7\u00c3O FINAL GEANE DE FREITAS G\u00c9SSICA PICAN\u00c7O JACIRENE SILVA RAFAEL MELO https:\/\/youtu.be\/QlWziep53VE[qsm quiz=4]","og_url":"https:\/\/verdepodcast.com.br\/desafiojsmf\/votacao-final\/","og_site_name":"Desafio Juntos Somos Mais Fortes","article_modified_time":"2025-10-03T03:38:24+00:00","og_image":[{"width":252,"height":101,"url":"https:\/\/verdepodcast.com.br\/desafiojsmf\/wp-content\/uploads\/2024\/03\/EQUIPE_LOGAM.png","type":"image\/png"}],"twitter_card":"summary_large_image","twitter_misc":{"Est. tempo de leitura":"2 minutos"},"schema":{"@context":"https:\/\/schema.org","@graph":[{"@type":"WebPage","@id":"https:\/\/verdepodcast.com.br\/desafiojsmf\/votacao-final\/","url":"https:\/\/verdepodcast.com.br\/desafiojsmf\/votacao-final\/","name":"Vota\u00e7\u00e3o Final - Desafio Juntos Somos Mais Fortes","isPartOf":{"@id":"https:\/\/verdepodcast.com.br\/desafiojsmf\/#website"},"primaryImageOfPage":{"@id":"https:\/\/verdepodcast.com.br\/desafiojsmf\/votacao-final\/#primaryimage"},"image":{"@id":"https:\/\/verdepodcast.com.br\/desafiojsmf\/votacao-final\/#primaryimage"},"thumbnailUrl":"https:\/\/verdepodcast.com.br\/desafiojsmf\/wp-content\/uploads\/2024\/03\/EQUIPE_LOGAM.png","datePublished":"2024-06-01T00:34:28+00:00","dateModified":"2025-10-03T03:38:24+00:00","breadcrumb":{"@id":"https:\/\/verdepodcast.com.br\/desafiojsmf\/votacao-final\/#breadcrumb"},"inLanguage":"pt-BR","potentialAction":[{"@type":"ReadAction","target":["https:\/\/verdepodcast.com.br\/desafiojsmf\/votacao-final\/"]}]},{"@type":"ImageObject","inLanguage":"pt-BR","@id":"https:\/\/verdepodcast.com.br\/desafiojsmf\/votacao-final\/#primaryimage","url":"https:\/\/verdepodcast.com.br\/desafiojsmf\/wp-content\/uploads\/2024\/03\/EQUIPE_LOGAM.png","contentUrl":"https:\/\/verdepodcast.com.br\/desafiojsmf\/wp-content\/uploads\/2024\/03\/EQUIPE_LOGAM.png","width":252,"height":101},{"@type":"BreadcrumbList","@id":"https:\/\/verdepodcast.com.br\/desafiojsmf\/votacao-final\/#breadcrumb","itemListElement":[{"@type":"ListItem","position":1,"name":"In\u00edcio","item":"https:\/\/verdepodcast.com.br\/desafiojsmf\/"},{"@type":"ListItem","position":2,"name":"Vota\u00e7\u00e3o Final"}]},{"@type":"WebSite","@id":"https:\/\/verdepodcast.com.br\/desafiojsmf\/#website","url":"https:\/\/verdepodcast.com.br\/desafiojsmf\/","name":"Desafio Juntos Somos Mais Fortes","description":"90 dias de mudan\u00e7a","publisher":{"@id":"https:\/\/verdepodcast.com.br\/desafiojsmf\/#organization"},"potentialAction":[{"@type":"SearchAction","target":{"@type":"EntryPoint","urlTemplate":"https:\/\/verdepodcast.com.br\/desafiojsmf\/?s={search_term_string}"},"query-input":{"@type":"PropertyValueSpecification","valueRequired":true,"valueName":"search_term_string"}}],"inLanguage":"pt-BR"},{"@type":"Organization","@id":"https:\/\/verdepodcast.com.br\/desafiojsmf\/#organization","name":"Desafio Juntos Somos Mais Fortes","url":"https:\/\/verdepodcast.com.br\/desafiojsmf\/","logo":{"@type":"ImageObject","inLanguage":"pt-BR","@id":"https:\/\/verdepodcast.com.br\/desafiojsmf\/#\/schema\/logo\/image\/","url":"https:\/\/verdepodcast.com.br\/desafiojsmf\/wp-content\/uploads\/2025\/08\/NOVA-LOGO-LOGO.png","contentUrl":"https:\/\/verdepodcast.com.br\/desafiojsmf\/wp-content\/uploads\/2025\/08\/NOVA-LOGO-LOGO.png","width":606,"height":856,"caption":"Desafio Juntos Somos Mais Fortes"},"image":{"@id":"https:\/\/verdepodcast.com.br\/desafiojsmf\/#\/schema\/logo\/image\/"},"sameAs":["https:\/\/www.instagram.com\/desafio_jsmf"]}]}},"_links":{"self":[{"href":"https:\/\/verdepodcast.com.br\/desafiojsmf\/wp-json\/wp\/v2\/pages\/2324","targetHints":{"allow":["GET"]}}],"collection":[{"href":"https:\/\/verdepodcast.com.br\/desafiojsmf\/wp-json\/wp\/v2\/pages"}],"about":[{"href":"https:\/\/verdepodcast.com.br\/desafiojsmf\/wp-json\/wp\/v2\/types\/page"}],"author":[{"embeddable":true,"href":"https:\/\/verdepodcast.com.br\/desafiojsmf\/wp-json\/wp\/v2\/users\/3"}],"replies":[{"embeddable":true,"href":"https:\/\/verdepodcast.com.br\/desafiojsmf\/wp-json\/wp\/v2\/comments?post=2324"}],"version-history":[{"count":139,"href":"https:\/\/verdepodcast.com.br\/desafiojsmf\/wp-json\/wp\/v2\/pages\/2324\/revisions"}],"predecessor-version":[{"id":2468,"href":"https:\/\/verdepodcast.com.br\/desafiojsmf\/wp-json\/wp\/v2\/pages\/2324\/revisions\/2468"}],"wp:attachment":[{"href":"https:\/\/verdepodcast.com.br\/desafiojsmf\/wp-json\/wp\/v2\/media?parent=2324"}],"curies":[{"name":"wp","href":"https:\/\/api.w.org\/{rel}","templated":true}]}}