{"id":1905,"date":"2024-03-20T09:32:38","date_gmt":"2024-03-20T12:32:38","guid":{"rendered":"https:\/\/verdepodcast.com.br\/desafiojsmf\/?page_id=1905"},"modified":"2025-10-03T00:37:31","modified_gmt":"2025-10-03T03:37:31","slug":"desafios","status":"publish","type":"page","link":"https:\/\/verdepodcast.com.br\/desafiojsmf\/desafios\/","title":{"rendered":"Desafios"},"content":{"rendered":"\t\t<div data-elementor-type=\"wp-page\" data-elementor-id=\"1905\" class=\"elementor elementor-1905\" data-elementor-settings=\"{&quot;ha_cmc_init_switcher&quot;:&quot;no&quot;}\" data-elementor-post-type=\"page\">\n\t\t\t\t\t\t<section class=\"elementor-section elementor-top-section elementor-element elementor-element-caee600 elementor-section-full_width elementor-section-height-default elementor-section-height-default\" data-id=\"caee600\" data-element_type=\"section\" data-settings=\"{&quot;background_background&quot;:&quot;classic&quot;,&quot;shape_divider_bottom&quot;:&quot;triangle&quot;,&quot;jet_parallax_layout_list&quot;:[],&quot;_ha_eqh_enable&quot;:false}\">\n\t\t\t\t\t\t\t<div class=\"elementor-background-overlay\"><\/div>\n\t\t\t\t\t\t<div class=\"elementor-shape elementor-shape-bottom\" aria-hidden=\"true\" data-negative=\"false\">\n\t\t\t<svg xmlns=\"http:\/\/www.w3.org\/2000\/svg\" viewBox=\"0 0 1000 100\" preserveAspectRatio=\"none\">\n\t<path class=\"elementor-shape-fill\" d=\"M500,98.9L0,6.1V0h1000v6.1L500,98.9z\"\/>\n<\/svg>\t\t<\/div>\n\t\t\t\t\t<div class=\"elementor-container elementor-column-gap-no\">\n\t\t\t\t\t<div class=\"elementor-column elementor-col-100 elementor-top-column elementor-element elementor-element-a350d6f\" data-id=\"a350d6f\" data-element_type=\"column\" data-settings=\"{&quot;background_background&quot;:&quot;classic&quot;}\">\n\t\t\t<div class=\"elementor-widget-wrap elementor-element-populated\">\n\t\t\t\t\t\t<div class=\"elementor-element elementor-element-be79c1a elementor-invisible elementor-widget elementor-widget-heading\" data-id=\"be79c1a\" data-element_type=\"widget\" data-settings=\"{&quot;_animation&quot;:&quot;fadeInDown&quot;}\" data-widget_type=\"heading.default\">\n\t\t\t\t<div class=\"elementor-widget-container\">\n\t\t\t\t\t<h1 class=\"elementor-heading-title elementor-size-default\">90 DIAS DE MUDAN\u00c7A<\/h1>\t\t\t\t<\/div>\n\t\t\t\t<\/div>\n\t\t\t\t\t<\/div>\n\t\t<\/div>\n\t\t\t\t\t<\/div>\n\t\t<\/section>\n\t\t\t\t<section class=\"elementor-section elementor-top-section elementor-element elementor-element-2ad894d elementor-section-boxed elementor-section-height-default elementor-section-height-default\" data-id=\"2ad894d\" data-element_type=\"section\" data-settings=\"{&quot;background_background&quot;:&quot;classic&quot;,&quot;jet_parallax_layout_list&quot;:[],&quot;_ha_eqh_enable&quot;:false}\">\n\t\t\t\t\t\t<div class=\"elementor-container elementor-column-gap-no\">\n\t\t\t\t\t<div class=\"elementor-column elementor-col-100 elementor-top-column elementor-element elementor-element-797d230\" data-id=\"797d230\" data-element_type=\"column\">\n\t\t\t<div class=\"elementor-widget-wrap elementor-element-populated\">\n\t\t\t\t\t\t<div class=\"elementor-element elementor-element-ac77fba elementor-widget elementor-widget-heading\" data-id=\"ac77fba\" data-element_type=\"widget\" data-widget_type=\"heading.default\">\n\t\t\t\t<div class=\"elementor-widget-container\">\n\t\t\t\t\t<h1 class=\"elementor-heading-title elementor-size-default\">CONHE\u00c7A OS NOSSOS DESAFIOS<\/h1>\t\t\t\t<\/div>\n\t\t\t\t<\/div>\n\t\t\t\t<div class=\"elementor-element elementor-element-40841f2 ha-toggle--icon-left elementor-widget elementor-widget-ha-toggle happy-addon ha-toggle happy-addon-pro\" data-id=\"40841f2\" data-element_type=\"widget\" data-widget_type=\"ha-toggle.default\">\n\t\t\t\t<div class=\"elementor-widget-container\">\n\t\t\t\t\t\t\t<div class=\"ha-toggle__wrapper\" role=\"tablist\">\n\t\t\t\t\t\t\t<div class=\"ha-toggle__item\">\n\t\t\t\t\t<div id=\"ha-toggle__item-title-6761\" class=\"ha-toggle__item-title\" data-tab=\"1\" role=\"tab\" aria-controls=\"ha-toggle__item-content-6761\">\n\t\t\t\t\t\t\t\t\t\t\t\t\t<span class=\"ha-toggle__item-icon ha-toggle__icon\" aria-hidden=\"true\">\n\t\t\t\t\t\t\t\t\t\t\t\t\t\t\t\t\t<span class=\"ha-toggle__icon--closed\"><i class=\"fas fa-plus\"><\/i><\/span>\n\t\t\t\t\t\t\t\t\t\t\t\t\t\t\t\t\t\t\t\t\t\t\t\t\t<span class=\"ha-toggle__icon--opened\"><i class=\"fas fa-minus\"><\/i><\/span>\n\t\t\t\t\t\t\t\t\t\t\t\t\t\t\t<\/span>\n\t\t\t\t\t\t\t\t\t\t\t\t<div class=\"ha-toggle__item-title-inner\">\n\t\t\t\t\t\t\t\t\t\t\t\t\t\t\t<span class=\"ha-toggle__item-title-icon\"><svg class=\"e-font-icon-svg e-far-calendar-check\" viewBox=\"0 0 448 512\" xmlns=\"http:\/\/www.w3.org\/2000\/svg\"><path d=\"M400 64h-48V12c0-6.627-5.373-12-12-12h-40c-6.627 0-12 5.373-12 12v52H160V12c0-6.627-5.373-12-12-12h-40c-6.627 0-12 5.373-12 12v52H48C21.49 64 0 85.49 0 112v352c0 26.51 21.49 48 48 48h352c26.51 0 48-21.49 48-48V112c0-26.51-21.49-48-48-48zm-6 400H54a6 6 0 0 1-6-6V160h352v298a6 6 0 0 1-6 6zm-52.849-200.65L198.842 404.519c-4.705 4.667-12.303 4.637-16.971-.068l-75.091-75.699c-4.667-4.705-4.637-12.303.068-16.971l22.719-22.536c4.705-4.667 12.303-4.637 16.97.069l44.104 44.461 111.072-110.181c4.705-4.667 12.303-4.637 16.971.068l22.536 22.718c4.667 4.705 4.636 12.303-.069 16.97z\"><\/path><\/svg><\/span>\n\t\t\t\t\t\t\t\t\t\t\t\t\t\t<span class=\"ha-toggle__item-title-text\">DESAFIO SEMANAL<\/span>\n\t\t\t\t\t\t<\/div>\n\t\t\t\t\t<\/div>\n\t\t\t\t\t<div id=\"ha-toggle__item-content-6761\" class=\"ha-toggle__item-content\" data-tab=\"1\" role=\"tabpanel\" aria-labelledby=\"ha-toggle__item-title-6761\">\n\t\t\t\t\t\t<span style=\"vertical-align: inherit;\"><span style=\"vertical-align: inherit;\"><span style=\"vertical-align: inherit;\"><span style=\"vertical-align: inherit;\"><span style=\"vertical-align: inherit;\"><span style=\"vertical-align: inherit;\"><span style=\"vertical-align: inherit;\"><span style=\"vertical-align: inherit;\">O <\/span><\/span><\/span><\/span><\/span><\/span><\/span><\/span><strong><span style=\"vertical-align: inherit;\"><span style=\"vertical-align: inherit;\"><span style=\"vertical-align: inherit;\"><span style=\"vertical-align: inherit;\"><span style=\"vertical-align: inherit;\"><span style=\"vertical-align: inherit;\"><span style=\"vertical-align: inherit;\"><span style=\"vertical-align: inherit;\">Desafio Semanal<\/span><\/span><\/span><\/span><\/span><\/span><\/span><\/span><\/strong><span style=\"vertical-align: inherit;\"><span style=\"vertical-align: inherit;\"><span style=\"vertical-align: inherit;\"><span style=\"vertical-align: inherit;\"><span style=\"vertical-align: inherit;\"><span style=\"vertical-align: inherit;\"><span style=\"vertical-align: inherit;\"><span style=\"vertical-align: inherit;\"> consiste em um desafio para todos os membros de cada equipe e \u00e9 um desafio mais tranquilo, que vale <\/span><\/span><\/span><\/span><\/span><\/span><\/span><\/span><strong><span style=\"vertical-align: inherit;\"><span style=\"vertical-align: inherit;\"><span style=\"vertical-align: inherit;\"><span style=\"vertical-align: inherit;\"><span style=\"vertical-align: inherit;\"><span style=\"vertical-align: inherit;\"><span style=\"vertical-align: inherit;\"><span style=\"vertical-align: inherit;\">5 pontos<\/span><\/span><\/span><\/span><\/span><\/span><\/span><\/span><\/strong><span style=\"vertical-align: inherit;\"><span style=\"vertical-align: inherit;\"><span style=\"vertical-align: inherit;\"><span style=\"vertical-align: inherit;\"><span style=\"vertical-align: inherit;\"><span style=\"vertical-align: inherit;\"><span style=\"vertical-align: inherit;\"><span style=\"vertical-align: inherit;\"> para a equipe que conclui.<\/span><\/span><\/span><\/span><\/span><\/span><\/span><\/span>\n<br><p>\n<table border=\"1\">\n<tbody>\n<tr>\n<td><strong><span style=\"vertical-align: inherit;\"><span style=\"vertical-align: inherit;\"><span style=\"vertical-align: inherit;\"><span style=\"vertical-align: inherit;\">DESAFIO<\/span><\/span><\/span><\/span><\/strong><\/td>\n<td><strong><span style=\"vertical-align: inherit;\"><span style=\"vertical-align: inherit;\"><span style=\"vertical-align: inherit;\"><span style=\"vertical-align: inherit;\">PER\u00cdODO<\/span><\/span><\/span><\/span><\/strong><\/td>\n<td><strong><span style=\"vertical-align: inherit;\"><span style=\"vertical-align: inherit;\"><span style=\"vertical-align: inherit;\"><span style=\"vertical-align: inherit;\">STATUS<\/span><\/span><\/span><\/span><\/strong><\/td>\n<\/tr>\n<tr>\n<td><span style=\"vertical-align: inherit;\"><span style=\"vertical-align: inherit;\"><span style=\"vertical-align: inherit;\"><span style=\"vertical-align: inherit;\">Compartilhe o post oficial no Instagram.<\/span><\/span><\/span><\/span><\/td>\n<td><span style=\"vertical-align: inherit;\"><span style=\"vertical-align: inherit;\"><span style=\"vertical-align: inherit;\"><span style=\"vertical-align: inherit;\">11\/03 a 15\/03 (18h)<\/span><\/span><\/span><\/span><\/td>\n<td><span style=\"vertical-align: inherit;\"><span style=\"vertical-align: inherit;\"><span style=\"vertical-align: inherit;\"><span style=\"vertical-align: inherit;\">Finalizado<\/span><\/span><\/span><\/span><\/td>\n<\/tr>\n<tr>\n<td><span style=\"vertical-align: inherit;\"><span style=\"vertical-align: inherit;\"><span style=\"vertical-align: inherit;\"><span style=\"vertical-align: inherit;\">Leve um convidado para participar de um dia de seu treinamento (amigos, familiares e afins). <\/span><span style=\"vertical-align: inherit;\">O registro dever\u00e1 ser feito atrav\u00e9s de v\u00eddeo.<\/span><\/span><\/span><\/span><\/td>\n<td><span style=\"vertical-align: inherit;\"><span style=\"vertical-align: inherit;\"><span style=\"vertical-align: inherit;\"><span style=\"vertical-align: inherit;\">18\/03 a 22\/03<\/span><\/span><\/span><\/span><\/td>\n<td><span style=\"vertical-align: inherit;\"><span style=\"vertical-align: inherit;\"><span style=\"vertical-align: inherit;\"><span style=\"vertical-align: inherit;\">Finalizado<\/span><\/span><\/span><\/span><\/td>\n<\/tr>\n<\/tbody>\n<\/table>\t\t\t\t\t<\/div>\n\t\t\t\t<\/div>\n\t\t\t\t\t\t\t<div class=\"ha-toggle__item\">\n\t\t\t\t\t<div id=\"ha-toggle__item-title-6762\" class=\"ha-toggle__item-title\" data-tab=\"2\" role=\"tab\" aria-controls=\"ha-toggle__item-content-6762\">\n\t\t\t\t\t\t\t\t\t\t\t\t\t<span class=\"ha-toggle__item-icon ha-toggle__icon\" aria-hidden=\"true\">\n\t\t\t\t\t\t\t\t\t\t\t\t\t\t\t\t\t<span class=\"ha-toggle__icon--closed\"><i class=\"fas fa-plus\"><\/i><\/span>\n\t\t\t\t\t\t\t\t\t\t\t\t\t\t\t\t\t\t\t\t\t\t\t\t\t<span class=\"ha-toggle__icon--opened\"><i class=\"fas fa-minus\"><\/i><\/span>\n\t\t\t\t\t\t\t\t\t\t\t\t\t\t\t<\/span>\n\t\t\t\t\t\t\t\t\t\t\t\t<div class=\"ha-toggle__item-title-inner\">\n\t\t\t\t\t\t\t\t\t\t\t\t\t\t\t<span class=\"ha-toggle__item-title-icon\"><svg class=\"e-font-icon-svg e-far-calendar-alt\" viewBox=\"0 0 448 512\" xmlns=\"http:\/\/www.w3.org\/2000\/svg\"><path d=\"M148 288h-40c-6.6 0-12-5.4-12-12v-40c0-6.6 5.4-12 12-12h40c6.6 0 12 5.4 12 12v40c0 6.6-5.4 12-12 12zm108-12v-40c0-6.6-5.4-12-12-12h-40c-6.6 0-12 5.4-12 12v40c0 6.6 5.4 12 12 12h40c6.6 0 12-5.4 12-12zm96 0v-40c0-6.6-5.4-12-12-12h-40c-6.6 0-12 5.4-12 12v40c0 6.6 5.4 12 12 12h40c6.6 0 12-5.4 12-12zm-96 96v-40c0-6.6-5.4-12-12-12h-40c-6.6 0-12 5.4-12 12v40c0 6.6 5.4 12 12 12h40c6.6 0 12-5.4 12-12zm-96 0v-40c0-6.6-5.4-12-12-12h-40c-6.6 0-12 5.4-12 12v40c0 6.6 5.4 12 12 12h40c6.6 0 12-5.4 12-12zm192 0v-40c0-6.6-5.4-12-12-12h-40c-6.6 0-12 5.4-12 12v40c0 6.6 5.4 12 12 12h40c6.6 0 12-5.4 12-12zm96-260v352c0 26.5-21.5 48-48 48H48c-26.5 0-48-21.5-48-48V112c0-26.5 21.5-48 48-48h48V12c0-6.6 5.4-12 12-12h40c6.6 0 12 5.4 12 12v52h128V12c0-6.6 5.4-12 12-12h40c6.6 0 12 5.4 12 12v52h48c26.5 0 48 21.5 48 48zm-48 346V160H48v298c0 3.3 2.7 6 6 6h340c3.3 0 6-2.7 6-6z\"><\/path><\/svg><\/span>\n\t\t\t\t\t\t\t\t\t\t\t\t\t\t<span class=\"ha-toggle__item-title-text\">DESAFIO MENSAL<\/span>\n\t\t\t\t\t\t<\/div>\n\t\t\t\t\t<\/div>\n\t\t\t\t\t<div id=\"ha-toggle__item-content-6762\" class=\"ha-toggle__item-content\" data-tab=\"2\" role=\"tabpanel\" aria-labelledby=\"ha-toggle__item-title-6762\">\n\t\t\t\t\t\t<p><span style=\"vertical-align: inherit;\"><span style=\"vertical-align: inherit;\"><span style=\"vertical-align: inherit;\"><span style=\"vertical-align: inherit;\">\u00c9 muito importante que o cliente possa acompanhar o treinamento do cliente, mas \u00e9 ao mesmo tempo que o trabalho<\/span><\/span><\/span><\/span><\/p><p><span style=\"vertical-align: inherit;\"><span style=\"vertical-align: inherit;\"><span style=\"vertical-align: inherit;\"><span style=\"vertical-align: inherit;\">e com muita dor. <\/span><\/span><\/span><span style=\"vertical-align: inherit;\"><span style=\"vertical-align: inherit;\"><span style=\"vertical-align: inherit;\">Pois, falando nos m\u00ednimos detalhes, ningu\u00e9m deve praticar qualquer tipo de trabalho, a menos que ele obtenha algum benef\u00edcio. <\/span><\/span><\/span><span style=\"vertical-align: inherit;\"><span style=\"vertical-align: inherit;\"><span style=\"vertical-align: inherit;\">N\u00e3o fique zangado com a dor na repreens\u00e3o, no prazer que ele quer ser um fio de cabelo da dor, deixe-o fugir da dor. <\/span><\/span><\/span><span style=\"vertical-align: inherit;\"><span style=\"vertical-align: inherit;\"><span style=\"vertical-align: inherit;\">A menos que sejam cegos pela lux\u00faria, eles n\u00e3o saem; <\/span><span style=\"vertical-align: inherit;\">s\u00e3o tristes aqueles que abandonam seus deveres e amolecem seus cora\u00e7\u00f5es, isto \u00e9, seus trabalhos.<\/span><\/span><\/span><\/span><\/p>\t\t\t\t\t<\/div>\n\t\t\t\t<\/div>\n\t\t\t\t\t\t\t<div class=\"ha-toggle__item\">\n\t\t\t\t\t<div id=\"ha-toggle__item-title-6763\" class=\"ha-toggle__item-title\" data-tab=\"3\" role=\"tab\" aria-controls=\"ha-toggle__item-content-6763\">\n\t\t\t\t\t\t\t\t\t\t\t\t\t<span class=\"ha-toggle__item-icon ha-toggle__icon\" aria-hidden=\"true\">\n\t\t\t\t\t\t\t\t\t\t\t\t\t\t\t\t\t<span class=\"ha-toggle__icon--closed\"><i class=\"fas fa-plus\"><\/i><\/span>\n\t\t\t\t\t\t\t\t\t\t\t\t\t\t\t\t\t\t\t\t\t\t\t\t\t<span class=\"ha-toggle__icon--opened\"><i class=\"fas fa-minus\"><\/i><\/span>\n\t\t\t\t\t\t\t\t\t\t\t\t\t\t\t<\/span>\n\t\t\t\t\t\t\t\t\t\t\t\t<div class=\"ha-toggle__item-title-inner\">\n\t\t\t\t\t\t\t\t\t\t\t\t\t\t\t<span class=\"ha-toggle__item-title-icon\"><svg class=\"e-font-icon-svg e-far-star\" viewBox=\"0 0 576 512\" xmlns=\"http:\/\/www.w3.org\/2000\/svg\"><path d=\"M528.1 171.5L382 150.2 316.7 17.8c-11.7-23.6-45.6-23.9-57.4 0L194 150.2 47.9 171.5c-26.2 3.8-36.7 36.1-17.7 54.6l105.7 103-25 145.5c-4.5 26.3 23.2 46 46.4 33.7L288 439.6l130.7 68.7c23.2 12.2 50.9-7.4 46.4-33.7l-25-145.5 105.7-103c19-18.5 8.5-50.8-17.7-54.6zM388.6 312.3l23.7 138.4L288 385.4l-124.3 65.3 23.7-138.4-100.6-98 139-20.2 62.2-126 62.2 126 139 20.2-100.6 98z\"><\/path><\/svg><\/span>\n\t\t\t\t\t\t\t\t\t\t\t\t\t\t<span class=\"ha-toggle__item-title-text\">DESAFIO SURPRESA<\/span>\n\t\t\t\t\t\t<\/div>\n\t\t\t\t\t<\/div>\n\t\t\t\t\t<div id=\"ha-toggle__item-content-6763\" class=\"ha-toggle__item-content\" data-tab=\"3\" role=\"tabpanel\" aria-labelledby=\"ha-toggle__item-title-6763\">\n\t\t\t\t\t\t<p><span style=\"vertical-align: inherit;\"><span style=\"vertical-align: inherit;\"><span style=\"vertical-align: inherit;\"><span style=\"vertical-align: inherit;\"><span style=\"vertical-align: inherit;\"><span style=\"vertical-align: inherit;\">\u00c9 muito importante que o cliente possa acompanhar o treinamento do cliente, mas \u00e9 ao mesmo tempo que o trabalho<\/span><\/span><\/span><\/span><\/span><\/span><\/p><p><span style=\"vertical-align: inherit;\"><span style=\"vertical-align: inherit;\"><span style=\"vertical-align: inherit;\"><span style=\"vertical-align: inherit;\"><span style=\"vertical-align: inherit;\"><span style=\"vertical-align: inherit;\">e com muita dor. <\/span><\/span><\/span><\/span><\/span><span style=\"vertical-align: inherit;\"><span style=\"vertical-align: inherit;\"><span style=\"vertical-align: inherit;\"><span style=\"vertical-align: inherit;\"><span style=\"vertical-align: inherit;\">Pois, falando nos m\u00ednimos detalhes, ningu\u00e9m deve praticar qualquer tipo de trabalho, a menos que ele obtenha algum benef\u00edcio. <\/span><\/span><\/span><\/span><\/span><span style=\"vertical-align: inherit;\"><span style=\"vertical-align: inherit;\"><span style=\"vertical-align: inherit;\"><span style=\"vertical-align: inherit;\"><span style=\"vertical-align: inherit;\">N\u00e3o fique zangado com a dor na repreens\u00e3o, no prazer que ele quer ser um fio de cabelo da dor, deixe-o fugir da dor. <\/span><\/span><\/span><\/span><\/span><span style=\"vertical-align: inherit;\"><span style=\"vertical-align: inherit;\"><span style=\"vertical-align: inherit;\"><span style=\"vertical-align: inherit;\"><span style=\"vertical-align: inherit;\">A menos que sejam cegos pela lux\u00faria, eles n\u00e3o saem; <\/span><span style=\"vertical-align: inherit;\">s\u00e3o tristes aqueles que abandonam seus deveres e amolecem seus cora\u00e7\u00f5es, isto \u00e9, seus trabalhos.<\/span><\/span><\/span><\/span><\/span><\/span><\/p>\t\t\t\t\t<\/div>\n\t\t\t\t<\/div>\n\t\t\t\t\t<\/div>\n\t\t\t\t\t\t<\/div>\n\t\t\t\t<\/div>\n\t\t\t\t\t<\/div>\n\t\t<\/div>\n\t\t\t\t\t<\/div>\n\t\t<\/section>\n\t\t\t\t<\/div>\n\t\t","protected":false},"excerpt":{"rendered":"<p>90 DIAS DE MUDAN\u00c7A CONHE\u00c7A OS NOSSOS DESAFIOS DESAFIO SEMANAL O Desafio Semanal consiste em um desafio para todos os membros de cada equipe e \u00e9 um desafio mais tranquilo, que vale 5 pontos para a equipe que conclui. DESAFIO PER\u00cdODO STATUS Compartilhe o post oficial no Instagram. 11\/03 a 15\/03 (18h) Finalizado Leve um [&hellip;]<\/p>\n","protected":false},"author":3,"featured_media":0,"parent":0,"menu_order":0,"comment_status":"closed","ping_status":"closed","template":"elementor_header_footer","meta":{"_jet_sm_ready_style":"","_jet_sm_style":"","_jet_sm_controls_values":"","_jet_sm_fonts_collection":"","_jet_sm_fonts_links":"","footnotes":""},"class_list":["post-1905","page","type-page","status-publish","hentry"],"yoast_head":"<!-- This site is optimized with the Yoast SEO plugin v26.0 - https:\/\/yoast.com\/wordpress\/plugins\/seo\/ -->\n<title>Desafios - Desafio Juntos Somos Mais Fortes<\/title>\n<meta name=\"robots\" content=\"index, follow, max-snippet:-1, max-image-preview:large, max-video-preview:-1\" \/>\n<link rel=\"canonical\" href=\"https:\/\/verdepodcast.com.br\/desafiojsmf\/desafios\/\" \/>\n<meta property=\"og:locale\" content=\"pt_BR\" \/>\n<meta property=\"og:type\" content=\"article\" \/>\n<meta property=\"og:title\" content=\"Desafios - Desafio Juntos Somos Mais Fortes\" \/>\n<meta property=\"og:description\" content=\"90 DIAS DE MUDAN\u00c7A CONHE\u00c7A OS NOSSOS DESAFIOS DESAFIO SEMANAL O Desafio Semanal consiste em um desafio para todos os membros de cada equipe e \u00e9 um desafio mais tranquilo, que vale 5 pontos para a equipe que conclui. DESAFIO PER\u00cdODO STATUS Compartilhe o post oficial no Instagram. 11\/03 a 15\/03 (18h) Finalizado Leve um [&hellip;]\" \/>\n<meta property=\"og:url\" content=\"https:\/\/verdepodcast.com.br\/desafiojsmf\/desafios\/\" \/>\n<meta property=\"og:site_name\" content=\"Desafio Juntos Somos Mais Fortes\" \/>\n<meta property=\"article:modified_time\" content=\"2025-10-03T03:37:31+00:00\" \/>\n<meta name=\"twitter:card\" content=\"summary_large_image\" \/>\n<meta name=\"twitter:label1\" content=\"Est. tempo de leitura\" \/>\n\t<meta name=\"twitter:data1\" content=\"2 minutos\" \/>\n<script type=\"application\/ld+json\" class=\"yoast-schema-graph\">{\"@context\":\"https:\/\/schema.org\",\"@graph\":[{\"@type\":\"WebPage\",\"@id\":\"https:\/\/verdepodcast.com.br\/desafiojsmf\/desafios\/\",\"url\":\"https:\/\/verdepodcast.com.br\/desafiojsmf\/desafios\/\",\"name\":\"Desafios - Desafio Juntos Somos Mais Fortes\",\"isPartOf\":{\"@id\":\"https:\/\/verdepodcast.com.br\/desafiojsmf\/#website\"},\"datePublished\":\"2024-03-20T12:32:38+00:00\",\"dateModified\":\"2025-10-03T03:37:31+00:00\",\"breadcrumb\":{\"@id\":\"https:\/\/verdepodcast.com.br\/desafiojsmf\/desafios\/#breadcrumb\"},\"inLanguage\":\"pt-BR\",\"potentialAction\":[{\"@type\":\"ReadAction\",\"target\":[\"https:\/\/verdepodcast.com.br\/desafiojsmf\/desafios\/\"]}]},{\"@type\":\"BreadcrumbList\",\"@id\":\"https:\/\/verdepodcast.com.br\/desafiojsmf\/desafios\/#breadcrumb\",\"itemListElement\":[{\"@type\":\"ListItem\",\"position\":1,\"name\":\"In\u00edcio\",\"item\":\"https:\/\/verdepodcast.com.br\/desafiojsmf\/\"},{\"@type\":\"ListItem\",\"position\":2,\"name\":\"Desafios\"}]},{\"@type\":\"WebSite\",\"@id\":\"https:\/\/verdepodcast.com.br\/desafiojsmf\/#website\",\"url\":\"https:\/\/verdepodcast.com.br\/desafiojsmf\/\",\"name\":\"Desafio Juntos Somos Mais Fortes\",\"description\":\"90 dias de mudan\u00e7a\",\"publisher\":{\"@id\":\"https:\/\/verdepodcast.com.br\/desafiojsmf\/#organization\"},\"potentialAction\":[{\"@type\":\"SearchAction\",\"target\":{\"@type\":\"EntryPoint\",\"urlTemplate\":\"https:\/\/verdepodcast.com.br\/desafiojsmf\/?s={search_term_string}\"},\"query-input\":{\"@type\":\"PropertyValueSpecification\",\"valueRequired\":true,\"valueName\":\"search_term_string\"}}],\"inLanguage\":\"pt-BR\"},{\"@type\":\"Organization\",\"@id\":\"https:\/\/verdepodcast.com.br\/desafiojsmf\/#organization\",\"name\":\"Desafio Juntos Somos Mais Fortes\",\"url\":\"https:\/\/verdepodcast.com.br\/desafiojsmf\/\",\"logo\":{\"@type\":\"ImageObject\",\"inLanguage\":\"pt-BR\",\"@id\":\"https:\/\/verdepodcast.com.br\/desafiojsmf\/#\/schema\/logo\/image\/\",\"url\":\"https:\/\/verdepodcast.com.br\/desafiojsmf\/wp-content\/uploads\/2025\/08\/NOVA-LOGO-LOGO.png\",\"contentUrl\":\"https:\/\/verdepodcast.com.br\/desafiojsmf\/wp-content\/uploads\/2025\/08\/NOVA-LOGO-LOGO.png\",\"width\":606,\"height\":856,\"caption\":\"Desafio Juntos Somos Mais Fortes\"},\"image\":{\"@id\":\"https:\/\/verdepodcast.com.br\/desafiojsmf\/#\/schema\/logo\/image\/\"},\"sameAs\":[\"https:\/\/www.instagram.com\/desafio_jsmf\"]}]}<\/script>\n<!-- \/ Yoast SEO plugin. -->","yoast_head_json":{"title":"Desafios - Desafio Juntos Somos Mais Fortes","robots":{"index":"index","follow":"follow","max-snippet":"max-snippet:-1","max-image-preview":"max-image-preview:large","max-video-preview":"max-video-preview:-1"},"canonical":"https:\/\/verdepodcast.com.br\/desafiojsmf\/desafios\/","og_locale":"pt_BR","og_type":"article","og_title":"Desafios - Desafio Juntos Somos Mais Fortes","og_description":"90 DIAS DE MUDAN\u00c7A CONHE\u00c7A OS NOSSOS DESAFIOS DESAFIO SEMANAL O Desafio Semanal consiste em um desafio para todos os membros de cada equipe e \u00e9 um desafio mais tranquilo, que vale 5 pontos para a equipe que conclui. DESAFIO PER\u00cdODO STATUS Compartilhe o post oficial no Instagram. 11\/03 a 15\/03 (18h) Finalizado Leve um [&hellip;]","og_url":"https:\/\/verdepodcast.com.br\/desafiojsmf\/desafios\/","og_site_name":"Desafio Juntos Somos Mais Fortes","article_modified_time":"2025-10-03T03:37:31+00:00","twitter_card":"summary_large_image","twitter_misc":{"Est. tempo de leitura":"2 minutos"},"schema":{"@context":"https:\/\/schema.org","@graph":[{"@type":"WebPage","@id":"https:\/\/verdepodcast.com.br\/desafiojsmf\/desafios\/","url":"https:\/\/verdepodcast.com.br\/desafiojsmf\/desafios\/","name":"Desafios - Desafio Juntos Somos Mais Fortes","isPartOf":{"@id":"https:\/\/verdepodcast.com.br\/desafiojsmf\/#website"},"datePublished":"2024-03-20T12:32:38+00:00","dateModified":"2025-10-03T03:37:31+00:00","breadcrumb":{"@id":"https:\/\/verdepodcast.com.br\/desafiojsmf\/desafios\/#breadcrumb"},"inLanguage":"pt-BR","potentialAction":[{"@type":"ReadAction","target":["https:\/\/verdepodcast.com.br\/desafiojsmf\/desafios\/"]}]},{"@type":"BreadcrumbList","@id":"https:\/\/verdepodcast.com.br\/desafiojsmf\/desafios\/#breadcrumb","itemListElement":[{"@type":"ListItem","position":1,"name":"In\u00edcio","item":"https:\/\/verdepodcast.com.br\/desafiojsmf\/"},{"@type":"ListItem","position":2,"name":"Desafios"}]},{"@type":"WebSite","@id":"https:\/\/verdepodcast.com.br\/desafiojsmf\/#website","url":"https:\/\/verdepodcast.com.br\/desafiojsmf\/","name":"Desafio Juntos Somos Mais Fortes","description":"90 dias de mudan\u00e7a","publisher":{"@id":"https:\/\/verdepodcast.com.br\/desafiojsmf\/#organization"},"potentialAction":[{"@type":"SearchAction","target":{"@type":"EntryPoint","urlTemplate":"https:\/\/verdepodcast.com.br\/desafiojsmf\/?s={search_term_string}"},"query-input":{"@type":"PropertyValueSpecification","valueRequired":true,"valueName":"search_term_string"}}],"inLanguage":"pt-BR"},{"@type":"Organization","@id":"https:\/\/verdepodcast.com.br\/desafiojsmf\/#organization","name":"Desafio Juntos Somos Mais Fortes","url":"https:\/\/verdepodcast.com.br\/desafiojsmf\/","logo":{"@type":"ImageObject","inLanguage":"pt-BR","@id":"https:\/\/verdepodcast.com.br\/desafiojsmf\/#\/schema\/logo\/image\/","url":"https:\/\/verdepodcast.com.br\/desafiojsmf\/wp-content\/uploads\/2025\/08\/NOVA-LOGO-LOGO.png","contentUrl":"https:\/\/verdepodcast.com.br\/desafiojsmf\/wp-content\/uploads\/2025\/08\/NOVA-LOGO-LOGO.png","width":606,"height":856,"caption":"Desafio Juntos Somos Mais Fortes"},"image":{"@id":"https:\/\/verdepodcast.com.br\/desafiojsmf\/#\/schema\/logo\/image\/"},"sameAs":["https:\/\/www.instagram.com\/desafio_jsmf"]}]}},"_links":{"self":[{"href":"https:\/\/verdepodcast.com.br\/desafiojsmf\/wp-json\/wp\/v2\/pages\/1905","targetHints":{"allow":["GET"]}}],"collection":[{"href":"https:\/\/verdepodcast.com.br\/desafiojsmf\/wp-json\/wp\/v2\/pages"}],"about":[{"href":"https:\/\/verdepodcast.com.br\/desafiojsmf\/wp-json\/wp\/v2\/types\/page"}],"author":[{"embeddable":true,"href":"https:\/\/verdepodcast.com.br\/desafiojsmf\/wp-json\/wp\/v2\/users\/3"}],"replies":[{"embeddable":true,"href":"https:\/\/verdepodcast.com.br\/desafiojsmf\/wp-json\/wp\/v2\/comments?post=1905"}],"version-history":[{"count":28,"href":"https:\/\/verdepodcast.com.br\/desafiojsmf\/wp-json\/wp\/v2\/pages\/1905\/revisions"}],"predecessor-version":[{"id":2061,"href":"https:\/\/verdepodcast.com.br\/desafiojsmf\/wp-json\/wp\/v2\/pages\/1905\/revisions\/2061"}],"wp:attachment":[{"href":"https:\/\/verdepodcast.com.br\/desafiojsmf\/wp-json\/wp\/v2\/media?parent=1905"}],"curies":[{"name":"wp","href":"https:\/\/api.w.org\/{rel}","templated":true}]}}